{"id":2006,"date":"2022-06-13T12:47:46","date_gmt":"2022-06-13T12:47:46","guid":{"rendered":"https:\/\/gildasjuanpalillo.com\/?page_id=2006"},"modified":"2022-06-22T14:55:38","modified_gmt":"2022-06-22T12:55:38","slug":"mi-cuenta","status":"publish","type":"page","link":"https:\/\/gildasjuanpalillo.com\/en\/mi-cuenta\/","title":{"rendered":"My account"},"content":{"rendered":"<div data-elementor-type=\"wp-page\" data-elementor-id=\"2006\" class=\"elementor elementor-2006\" data-elementor-post-type=\"page\">\n\t\t\t\t\t\t<section class=\"elementor-section elementor-top-section elementor-element elementor-element-a8b3799 elementor-section-boxed elementor-section-height-default elementor-section-height-default\" data-id=\"a8b3799\" data-element_type=\"section\" data-e-type=\"section\">\n\t\t\t\t\t\t<div class=\"elementor-container elementor-column-gap-default\">\n\t\t\t\t\t<div class=\"elementor-column elementor-col-100 elementor-top-column elementor-element elementor-element-172b575\" data-id=\"172b575\" data-element_type=\"column\" data-e-type=\"column\">\n\t\t\t<div class=\"elementor-widget-wrap elementor-element-populated\">\n\t\t\t\t\t\t<div class=\"elementor-element elementor-element-a23e238 e-my-account-tabs-horizontal elementor-widget elementor-widget-woocommerce-my-account\" data-id=\"a23e238\" data-element_type=\"widget\" data-e-type=\"widget\" data-widget_type=\"woocommerce-my-account.default\">\n\t\t\t\t<div class=\"elementor-widget-container\">\n\t\t\t\t\t<div class=\"e-my-account-tab e-my-account-tab__\">\t\t\t<div class=\"woocommerce\"><\/div>\t\t<\/div>\n\t\t\t\t\t\t<\/div>\n\t\t\t\t<\/div>\n\t\t\t\t\t<\/div>\n\t\t<\/div>\n\t\t\t\t\t<\/div>\n\t\t<\/section>\n\t\t\t\t<\/div>","protected":false},"excerpt":{"rendered":"<p>Dashboard Pedidos Descargas Direcciones Detalles de la cuenta Cerrar sesi\u00f3n Dashboard Pedidos Descargas Direcciones Detalles de la cuenta Cerrar sesi\u00f3n Dashboard Pedidos Descargas Direcciones Detalles de la cuenta Cerrar sesi\u00f3n Dashboard Pedidos Descargas Direcciones Detalles de la cuenta Cerrar sesi\u00f3n Hola admin (\u00bfno eres admin? Cerrar sesi\u00f3n) Desde el escritorio de tu cuenta puedes ver [&hellip;]<\/p>\n","protected":false},"author":1,"featured_media":0,"parent":0,"menu_order":0,"comment_status":"closed","ping_status":"closed","template":"elementor_header_footer","meta":{"footnotes":""},"class_list":["post-2006","page","type-page","status-publish","hentry"],"yoast_head":"<!-- This site is optimized with the Yoast SEO plugin v27.5 - https:\/\/yoast.com\/product\/yoast-seo-wordpress\/ -->\n<title>Mi cuenta - Gildas Juan Palillo<\/title>\n<meta name=\"robots\" content=\"index, follow, max-snippet:-1, max-image-preview:large, max-video-preview:-1\" \/>\n<link rel=\"canonical\" href=\"https:\/\/gildasjuanpalillo.com\/en\/mi-cuenta\/\" \/>\n<meta property=\"og:locale\" content=\"en_GB\" \/>\n<meta property=\"og:type\" content=\"article\" \/>\n<meta property=\"og:title\" content=\"Mi cuenta - Gildas Juan Palillo\" \/>\n<meta property=\"og:description\" content=\"Dashboard Pedidos Descargas Direcciones Detalles de la cuenta Cerrar sesi\u00f3n Dashboard Pedidos Descargas Direcciones Detalles de la cuenta Cerrar sesi\u00f3n Dashboard Pedidos Descargas Direcciones Detalles de la cuenta Cerrar sesi\u00f3n Dashboard Pedidos Descargas Direcciones Detalles de la cuenta Cerrar sesi\u00f3n Hola admin (\u00bfno eres admin? Cerrar sesi\u00f3n) Desde el escritorio de tu cuenta puedes ver [&hellip;]\" \/>\n<meta property=\"og:url\" content=\"https:\/\/gildasjuanpalillo.com\/en\/mi-cuenta\/\" \/>\n<meta property=\"og:site_name\" content=\"Gildas Juan Palillo\" \/>\n<meta property=\"article:modified_time\" content=\"2022-06-22T12:55:38+00:00\" \/>\n<meta name=\"twitter:card\" content=\"summary_large_image\" \/>\n<meta name=\"twitter:label1\" content=\"Estimated reading time\" \/>\n\t<meta name=\"twitter:data1\" content=\"1 minute\" \/>\n<script type=\"application\/ld+json\" class=\"yoast-schema-graph\">{\"@context\":\"https:\\\/\\\/schema.org\",\"@graph\":[{\"@type\":\"WebPage\",\"@id\":\"https:\\\/\\\/gildasjuanpalillo.com\\\/mi-cuenta\\\/\",\"url\":\"https:\\\/\\\/gildasjuanpalillo.com\\\/mi-cuenta\\\/\",\"name\":\"Mi cuenta - Gildas Juan Palillo\",\"isPartOf\":{\"@id\":\"https:\\\/\\\/gildasjuanpalillo.com\\\/#website\"},\"datePublished\":\"2022-06-13T12:47:46+00:00\",\"dateModified\":\"2022-06-22T12:55:38+00:00\",\"breadcrumb\":{\"@id\":\"https:\\\/\\\/gildasjuanpalillo.com\\\/mi-cuenta\\\/#breadcrumb\"},\"inLanguage\":\"en-GB\",\"potentialAction\":[{\"@type\":\"ReadAction\",\"target\":[\"https:\\\/\\\/gildasjuanpalillo.com\\\/mi-cuenta\\\/\"]}]},{\"@type\":\"BreadcrumbList\",\"@id\":\"https:\\\/\\\/gildasjuanpalillo.com\\\/mi-cuenta\\\/#breadcrumb\",\"itemListElement\":[{\"@type\":\"ListItem\",\"position\":1,\"name\":\"Portada\",\"item\":\"https:\\\/\\\/gildasjuanpalillo.com\\\/\"},{\"@type\":\"ListItem\",\"position\":2,\"name\":\"Mi cuenta\"}]},{\"@type\":\"WebSite\",\"@id\":\"https:\\\/\\\/gildasjuanpalillo.com\\\/#website\",\"url\":\"https:\\\/\\\/gildasjuanpalillo.com\\\/\",\"name\":\"Gildas Juan Palillo\",\"description\":\"\",\"publisher\":{\"@id\":\"https:\\\/\\\/gildasjuanpalillo.com\\\/#organization\"},\"potentialAction\":[{\"@type\":\"SearchAction\",\"target\":{\"@type\":\"EntryPoint\",\"urlTemplate\":\"https:\\\/\\\/gildasjuanpalillo.com\\\/?s={search_term_string}\"},\"query-input\":{\"@type\":\"PropertyValueSpecification\",\"valueRequired\":true,\"valueName\":\"search_term_string\"}}],\"inLanguage\":\"en-GB\"},{\"@type\":\"Organization\",\"@id\":\"https:\\\/\\\/gildasjuanpalillo.com\\\/#organization\",\"name\":\"Gildas Juan Palillo\",\"url\":\"https:\\\/\\\/gildasjuanpalillo.com\\\/\",\"logo\":{\"@type\":\"ImageObject\",\"inLanguage\":\"en-GB\",\"@id\":\"https:\\\/\\\/gildasjuanpalillo.com\\\/#\\\/schema\\\/logo\\\/image\\\/\",\"url\":\"https:\\\/\\\/gildasjuanpalillo.com\\\/wp-content\\\/uploads\\\/2022\\\/03\\\/cropped-logo-gildasjuanpalillo-color-oro.png\",\"contentUrl\":\"https:\\\/\\\/gildasjuanpalillo.com\\\/wp-content\\\/uploads\\\/2022\\\/03\\\/cropped-logo-gildasjuanpalillo-color-oro.png\",\"width\":400,\"height\":121,\"caption\":\"Gildas Juan Palillo\"},\"image\":{\"@id\":\"https:\\\/\\\/gildasjuanpalillo.com\\\/#\\\/schema\\\/logo\\\/image\\\/\"}}]}<\/script>\n<!-- \/ Yoast SEO plugin. -->","yoast_head_json":{"title":"Mi cuenta - Gildas Juan Palillo","robots":{"index":"index","follow":"follow","max-snippet":"max-snippet:-1","max-image-preview":"max-image-preview:large","max-video-preview":"max-video-preview:-1"},"canonical":"https:\/\/gildasjuanpalillo.com\/en\/mi-cuenta\/","og_locale":"en_GB","og_type":"article","og_title":"Mi cuenta - Gildas Juan Palillo","og_description":"Dashboard Pedidos Descargas Direcciones Detalles de la cuenta Cerrar sesi\u00f3n Dashboard Pedidos Descargas Direcciones Detalles de la cuenta Cerrar sesi\u00f3n Dashboard Pedidos Descargas Direcciones Detalles de la cuenta Cerrar sesi\u00f3n Dashboard Pedidos Descargas Direcciones Detalles de la cuenta Cerrar sesi\u00f3n Hola admin (\u00bfno eres admin? Cerrar sesi\u00f3n) Desde el escritorio de tu cuenta puedes ver [&hellip;]","og_url":"https:\/\/gildasjuanpalillo.com\/en\/mi-cuenta\/","og_site_name":"Gildas Juan Palillo","article_modified_time":"2022-06-22T12:55:38+00:00","twitter_card":"summary_large_image","twitter_misc":{"Estimated reading time":"1 minute"},"schema":{"@context":"https:\/\/schema.org","@graph":[{"@type":"WebPage","@id":"https:\/\/gildasjuanpalillo.com\/mi-cuenta\/","url":"https:\/\/gildasjuanpalillo.com\/mi-cuenta\/","name":"Mi cuenta - Gildas Juan Palillo","isPartOf":{"@id":"https:\/\/gildasjuanpalillo.com\/#website"},"datePublished":"2022-06-13T12:47:46+00:00","dateModified":"2022-06-22T12:55:38+00:00","breadcrumb":{"@id":"https:\/\/gildasjuanpalillo.com\/mi-cuenta\/#breadcrumb"},"inLanguage":"en-GB","potentialAction":[{"@type":"ReadAction","target":["https:\/\/gildasjuanpalillo.com\/mi-cuenta\/"]}]},{"@type":"BreadcrumbList","@id":"https:\/\/gildasjuanpalillo.com\/mi-cuenta\/#breadcrumb","itemListElement":[{"@type":"ListItem","position":1,"name":"Portada","item":"https:\/\/gildasjuanpalillo.com\/"},{"@type":"ListItem","position":2,"name":"Mi cuenta"}]},{"@type":"WebSite","@id":"https:\/\/gildasjuanpalillo.com\/#website","url":"https:\/\/gildasjuanpalillo.com\/","name":"Gildas Juan Palillo","description":"","publisher":{"@id":"https:\/\/gildasjuanpalillo.com\/#organization"},"potentialAction":[{"@type":"SearchAction","target":{"@type":"EntryPoint","urlTemplate":"https:\/\/gildasjuanpalillo.com\/?s={search_term_string}"},"query-input":{"@type":"PropertyValueSpecification","valueRequired":true,"valueName":"search_term_string"}}],"inLanguage":"en-GB"},{"@type":"Organization","@id":"https:\/\/gildasjuanpalillo.com\/#organization","name":"Gildas Juan Palillo","url":"https:\/\/gildasjuanpalillo.com\/","logo":{"@type":"ImageObject","inLanguage":"en-GB","@id":"https:\/\/gildasjuanpalillo.com\/#\/schema\/logo\/image\/","url":"https:\/\/gildasjuanpalillo.com\/wp-content\/uploads\/2022\/03\/cropped-logo-gildasjuanpalillo-color-oro.png","contentUrl":"https:\/\/gildasjuanpalillo.com\/wp-content\/uploads\/2022\/03\/cropped-logo-gildasjuanpalillo-color-oro.png","width":400,"height":121,"caption":"Gildas Juan Palillo"},"image":{"@id":"https:\/\/gildasjuanpalillo.com\/#\/schema\/logo\/image\/"}}]}},"_links":{"self":[{"href":"https:\/\/gildasjuanpalillo.com\/en\/wp-json\/wp\/v2\/pages\/2006","targetHints":{"allow":["GET"]}}],"collection":[{"href":"https:\/\/gildasjuanpalillo.com\/en\/wp-json\/wp\/v2\/pages"}],"about":[{"href":"https:\/\/gildasjuanpalillo.com\/en\/wp-json\/wp\/v2\/types\/page"}],"author":[{"embeddable":true,"href":"https:\/\/gildasjuanpalillo.com\/en\/wp-json\/wp\/v2\/users\/1"}],"replies":[{"embeddable":true,"href":"https:\/\/gildasjuanpalillo.com\/en\/wp-json\/wp\/v2\/comments?post=2006"}],"version-history":[{"count":20,"href":"https:\/\/gildasjuanpalillo.com\/en\/wp-json\/wp\/v2\/pages\/2006\/revisions"}],"predecessor-version":[{"id":2184,"href":"https:\/\/gildasjuanpalillo.com\/en\/wp-json\/wp\/v2\/pages\/2006\/revisions\/2184"}],"wp:attachment":[{"href":"https:\/\/gildasjuanpalillo.com\/en\/wp-json\/wp\/v2\/media?parent=2006"}],"curies":[{"name":"wp","href":"https:\/\/api.w.org\/{rel}","templated":true}]}}