{"id":834,"date":"2022-02-28T10:49:05","date_gmt":"2022-02-28T10:49:05","guid":{"rendered":"https:\/\/gildasjuanpalillo.com\/?post_type=product&#038;p=834"},"modified":"2024-04-04T09:51:05","modified_gmt":"2024-04-04T07:51:05","slug":"manjar-griego-de-sirtakix","status":"publish","type":"product","link":"https:\/\/gildasjuanpalillo.com\/en\/product\/manjar-griego-de-sirtakix\/","title":{"rendered":"MANJAR GRIEGO DE SIRTAKIX"},"content":{"rendered":"","protected":false},"excerpt":{"rendered":"<p>OLIVE OIL, SUNFLOWER OIL, CHERRY PEPPER (salt, sugar, vinegar, citric acid, calcium chloride, potassium sorbate), CREAM CHEESE (hard cheese (Pasteurised sheep milk), salt, emulsifier E509, preservative E1105, lactic ferment and rennet), SPICES MIX \"SIRTAKI\" (salt, garlic, onion, pepper, coriander, cumin, pepper, caraway seed, oregano).<\/p>","protected":false},"featured_media":844,"template":"","meta":[],"product_brand":[],"product_cat":[34],"product_tag":[37],"class_list":{"0":"post-834","1":"product","2":"type-product","3":"status-publish","4":"has-post-thumbnail","6":"product_cat-manjar","7":"product_tag-manjar_griego_sirtakix","9":"first","10":"instock","11":"taxable","12":"shipping-taxable","13":"purchasable","14":"product-type-variable"},"bundled_by":["1984","1991","2066"],"bundle_stock_status":"instock","bundle_stock_quantity":null,"bundle_virtual":false,"bundle_layout":"","bundle_add_to_cart_form_location":"","bundle_editable_in_cart":false,"bundle_sold_individually_context":"","bundle_item_grouping":"","bundle_min_size":"","bundle_max_size":"","bundle_price":[],"bundled_items":[],"bundle_sell_ids":[],"yoast_head":"<!-- This site is optimized with the Yoast SEO plugin v27.6 - https:\/\/yoast.com\/product\/yoast-seo-wordpress\/ -->\n<title>MANJAR GRIEGO DE SIRTAKIX - Gildas Juan Palillo<\/title>\n<meta name=\"robots\" content=\"index, follow, max-snippet:-1, max-image-preview:large, max-video-preview:-1\" \/>\n<link rel=\"canonical\" href=\"https:\/\/gildasjuanpalillo.com\/en\/product\/manjar-griego-de-sirtakix\/\" \/>\n<meta property=\"og:locale\" content=\"en_GB\" \/>\n<meta property=\"og:type\" content=\"article\" \/>\n<meta property=\"og:title\" content=\"MANJAR GRIEGO DE SIRTAKIX - Gildas Juan Palillo\" \/>\n<meta property=\"og:description\" content=\"ACEITE DE OLIVA VIRGEN EXTRA, ACEITE DE GIRASOL, PIMIENTO \u201cCHERRY\u201d (sal, az\u00facar, vinagre, \u00e1cido c\u00edtrico, cloruro de calcio, sorbato de potasio), CREMA DE QUESO (queso curado, LECHE pasterizada de oveja, sal, coadyuvante E509, conservador E1105, fermentos l\u00e1cticos y cuajo), MEZCLA DE ESPECIAS \u201cSIRTAKI\u201d (sal marina, ajo, cebolla, pimiento, cilantro, comino, pimienta, semilla de alcaravea, or\u00e9gano).\" \/>\n<meta property=\"og:url\" content=\"https:\/\/gildasjuanpalillo.com\/en\/product\/manjar-griego-de-sirtakix\/\" \/>\n<meta property=\"og:site_name\" content=\"Gildas Juan Palillo\" \/>\n<meta property=\"article:modified_time\" content=\"2024-04-04T07:51:05+00:00\" \/>\n<meta property=\"og:image\" content=\"https:\/\/gildasjuanpalillo.com\/wp-content\/uploads\/2022\/02\/N4B4231.jpg\" \/>\n\t<meta property=\"og:image:width\" content=\"1200\" \/>\n\t<meta property=\"og:image:height\" content=\"800\" \/>\n\t<meta property=\"og:image:type\" content=\"image\/jpeg\" \/>\n<meta name=\"twitter:card\" content=\"summary_large_image\" \/>\n<script type=\"application\/ld+json\" class=\"yoast-schema-graph\">{\"@context\":\"https:\\\/\\\/schema.org\",\"@graph\":[{\"@type\":\"WebPage\",\"@id\":\"https:\\\/\\\/gildasjuanpalillo.com\\\/producto\\\/manjar-griego-de-sirtakix\\\/\",\"url\":\"https:\\\/\\\/gildasjuanpalillo.com\\\/producto\\\/manjar-griego-de-sirtakix\\\/\",\"name\":\"MANJAR GRIEGO DE SIRTAKIX - Gildas Juan Palillo\",\"isPartOf\":{\"@id\":\"https:\\\/\\\/gildasjuanpalillo.com\\\/#website\"},\"primaryImageOfPage\":{\"@id\":\"https:\\\/\\\/gildasjuanpalillo.com\\\/producto\\\/manjar-griego-de-sirtakix\\\/#primaryimage\"},\"image\":{\"@id\":\"https:\\\/\\\/gildasjuanpalillo.com\\\/producto\\\/manjar-griego-de-sirtakix\\\/#primaryimage\"},\"thumbnailUrl\":\"https:\\\/\\\/gildasjuanpalillo.com\\\/wp-content\\\/uploads\\\/2022\\\/02\\\/N4B4231.jpg\",\"datePublished\":\"2022-02-28T10:49:05+00:00\",\"dateModified\":\"2024-04-04T07:51:05+00:00\",\"breadcrumb\":{\"@id\":\"https:\\\/\\\/gildasjuanpalillo.com\\\/producto\\\/manjar-griego-de-sirtakix\\\/#breadcrumb\"},\"inLanguage\":\"en-GB\",\"potentialAction\":[{\"@type\":\"ReadAction\",\"target\":[\"https:\\\/\\\/gildasjuanpalillo.com\\\/producto\\\/manjar-griego-de-sirtakix\\\/\"]}]},{\"@type\":\"ImageObject\",\"inLanguage\":\"en-GB\",\"@id\":\"https:\\\/\\\/gildasjuanpalillo.com\\\/producto\\\/manjar-griego-de-sirtakix\\\/#primaryimage\",\"url\":\"https:\\\/\\\/gildasjuanpalillo.com\\\/wp-content\\\/uploads\\\/2022\\\/02\\\/N4B4231.jpg\",\"contentUrl\":\"https:\\\/\\\/gildasjuanpalillo.com\\\/wp-content\\\/uploads\\\/2022\\\/02\\\/N4B4231.jpg\",\"width\":1200,\"height\":800},{\"@type\":\"BreadcrumbList\",\"@id\":\"https:\\\/\\\/gildasjuanpalillo.com\\\/producto\\\/manjar-griego-de-sirtakix\\\/#breadcrumb\",\"itemListElement\":[{\"@type\":\"ListItem\",\"position\":1,\"name\":\"Portada\",\"item\":\"https:\\\/\\\/gildasjuanpalillo.com\\\/\"},{\"@type\":\"ListItem\",\"position\":2,\"name\":\"Productos\",\"item\":\"https:\\\/\\\/gildasjuanpalillo.com\\\/?post_type=product\"},{\"@type\":\"ListItem\",\"position\":3,\"name\":\"MANJAR GRIEGO DE SIRTAKIX\"}]},{\"@type\":\"WebSite\",\"@id\":\"https:\\\/\\\/gildasjuanpalillo.com\\\/#website\",\"url\":\"https:\\\/\\\/gildasjuanpalillo.com\\\/\",\"name\":\"Gildas Juan Palillo\",\"description\":\"\",\"publisher\":{\"@id\":\"https:\\\/\\\/gildasjuanpalillo.com\\\/#organization\"},\"potentialAction\":[{\"@type\":\"SearchAction\",\"target\":{\"@type\":\"EntryPoint\",\"urlTemplate\":\"https:\\\/\\\/gildasjuanpalillo.com\\\/?s={search_term_string}\"},\"query-input\":{\"@type\":\"PropertyValueSpecification\",\"valueRequired\":true,\"valueName\":\"search_term_string\"}}],\"inLanguage\":\"en-GB\"},{\"@type\":\"Organization\",\"@id\":\"https:\\\/\\\/gildasjuanpalillo.com\\\/#organization\",\"name\":\"Gildas Juan Palillo\",\"url\":\"https:\\\/\\\/gildasjuanpalillo.com\\\/\",\"logo\":{\"@type\":\"ImageObject\",\"inLanguage\":\"en-GB\",\"@id\":\"https:\\\/\\\/gildasjuanpalillo.com\\\/#\\\/schema\\\/logo\\\/image\\\/\",\"url\":\"https:\\\/\\\/gildasjuanpalillo.com\\\/wp-content\\\/uploads\\\/2022\\\/03\\\/cropped-logo-gildasjuanpalillo-color-oro.png\",\"contentUrl\":\"https:\\\/\\\/gildasjuanpalillo.com\\\/wp-content\\\/uploads\\\/2022\\\/03\\\/cropped-logo-gildasjuanpalillo-color-oro.png\",\"width\":400,\"height\":121,\"caption\":\"Gildas Juan Palillo\"},\"image\":{\"@id\":\"https:\\\/\\\/gildasjuanpalillo.com\\\/#\\\/schema\\\/logo\\\/image\\\/\"}}]}<\/script>\n<!-- \/ Yoast SEO plugin. -->","yoast_head_json":{"title":"MANJAR GRIEGO DE SIRTAKIX - Gildas Juan Palillo","robots":{"index":"index","follow":"follow","max-snippet":"max-snippet:-1","max-image-preview":"max-image-preview:large","max-video-preview":"max-video-preview:-1"},"canonical":"https:\/\/gildasjuanpalillo.com\/en\/product\/manjar-griego-de-sirtakix\/","og_locale":"en_GB","og_type":"article","og_title":"MANJAR GRIEGO DE SIRTAKIX - Gildas Juan Palillo","og_description":"ACEITE DE OLIVA VIRGEN EXTRA, ACEITE DE GIRASOL, PIMIENTO \u201cCHERRY\u201d (sal, az\u00facar, vinagre, \u00e1cido c\u00edtrico, cloruro de calcio, sorbato de potasio), CREMA DE QUESO (queso curado, LECHE pasterizada de oveja, sal, coadyuvante E509, conservador E1105, fermentos l\u00e1cticos y cuajo), MEZCLA DE ESPECIAS \u201cSIRTAKI\u201d (sal marina, ajo, cebolla, pimiento, cilantro, comino, pimienta, semilla de alcaravea, or\u00e9gano).","og_url":"https:\/\/gildasjuanpalillo.com\/en\/product\/manjar-griego-de-sirtakix\/","og_site_name":"Gildas Juan Palillo","article_modified_time":"2024-04-04T07:51:05+00:00","og_image":[{"width":1200,"height":800,"url":"https:\/\/gildasjuanpalillo.com\/wp-content\/uploads\/2022\/02\/N4B4231.jpg","type":"image\/jpeg"}],"twitter_card":"summary_large_image","schema":{"@context":"https:\/\/schema.org","@graph":[{"@type":"WebPage","@id":"https:\/\/gildasjuanpalillo.com\/producto\/manjar-griego-de-sirtakix\/","url":"https:\/\/gildasjuanpalillo.com\/producto\/manjar-griego-de-sirtakix\/","name":"MANJAR GRIEGO DE SIRTAKIX - Gildas Juan Palillo","isPartOf":{"@id":"https:\/\/gildasjuanpalillo.com\/#website"},"primaryImageOfPage":{"@id":"https:\/\/gildasjuanpalillo.com\/producto\/manjar-griego-de-sirtakix\/#primaryimage"},"image":{"@id":"https:\/\/gildasjuanpalillo.com\/producto\/manjar-griego-de-sirtakix\/#primaryimage"},"thumbnailUrl":"https:\/\/gildasjuanpalillo.com\/wp-content\/uploads\/2022\/02\/N4B4231.jpg","datePublished":"2022-02-28T10:49:05+00:00","dateModified":"2024-04-04T07:51:05+00:00","breadcrumb":{"@id":"https:\/\/gildasjuanpalillo.com\/producto\/manjar-griego-de-sirtakix\/#breadcrumb"},"inLanguage":"en-GB","potentialAction":[{"@type":"ReadAction","target":["https:\/\/gildasjuanpalillo.com\/producto\/manjar-griego-de-sirtakix\/"]}]},{"@type":"ImageObject","inLanguage":"en-GB","@id":"https:\/\/gildasjuanpalillo.com\/producto\/manjar-griego-de-sirtakix\/#primaryimage","url":"https:\/\/gildasjuanpalillo.com\/wp-content\/uploads\/2022\/02\/N4B4231.jpg","contentUrl":"https:\/\/gildasjuanpalillo.com\/wp-content\/uploads\/2022\/02\/N4B4231.jpg","width":1200,"height":800},{"@type":"BreadcrumbList","@id":"https:\/\/gildasjuanpalillo.com\/producto\/manjar-griego-de-sirtakix\/#breadcrumb","itemListElement":[{"@type":"ListItem","position":1,"name":"Portada","item":"https:\/\/gildasjuanpalillo.com\/"},{"@type":"ListItem","position":2,"name":"Productos","item":"https:\/\/gildasjuanpalillo.com\/?post_type=product"},{"@type":"ListItem","position":3,"name":"MANJAR GRIEGO DE SIRTAKIX"}]},{"@type":"WebSite","@id":"https:\/\/gildasjuanpalillo.com\/#website","url":"https:\/\/gildasjuanpalillo.com\/","name":"Gildas Juan Palillo","description":"","publisher":{"@id":"https:\/\/gildasjuanpalillo.com\/#organization"},"potentialAction":[{"@type":"SearchAction","target":{"@type":"EntryPoint","urlTemplate":"https:\/\/gildasjuanpalillo.com\/?s={search_term_string}"},"query-input":{"@type":"PropertyValueSpecification","valueRequired":true,"valueName":"search_term_string"}}],"inLanguage":"en-GB"},{"@type":"Organization","@id":"https:\/\/gildasjuanpalillo.com\/#organization","name":"Gildas Juan Palillo","url":"https:\/\/gildasjuanpalillo.com\/","logo":{"@type":"ImageObject","inLanguage":"en-GB","@id":"https:\/\/gildasjuanpalillo.com\/#\/schema\/logo\/image\/","url":"https:\/\/gildasjuanpalillo.com\/wp-content\/uploads\/2022\/03\/cropped-logo-gildasjuanpalillo-color-oro.png","contentUrl":"https:\/\/gildasjuanpalillo.com\/wp-content\/uploads\/2022\/03\/cropped-logo-gildasjuanpalillo-color-oro.png","width":400,"height":121,"caption":"Gildas Juan Palillo"},"image":{"@id":"https:\/\/gildasjuanpalillo.com\/#\/schema\/logo\/image\/"}}]}},"_links":{"self":[{"href":"https:\/\/gildasjuanpalillo.com\/en\/wp-json\/wp\/v2\/product\/834","targetHints":{"allow":["GET"]}}],"collection":[{"href":"https:\/\/gildasjuanpalillo.com\/en\/wp-json\/wp\/v2\/product"}],"about":[{"href":"https:\/\/gildasjuanpalillo.com\/en\/wp-json\/wp\/v2\/types\/product"}],"version-history":[{"count":2,"href":"https:\/\/gildasjuanpalillo.com\/en\/wp-json\/wp\/v2\/product\/834\/revisions"}],"predecessor-version":[{"id":1281,"href":"https:\/\/gildasjuanpalillo.com\/en\/wp-json\/wp\/v2\/product\/834\/revisions\/1281"}],"wp:featuredmedia":[{"embeddable":true,"href":"https:\/\/gildasjuanpalillo.com\/en\/wp-json\/wp\/v2\/media\/844"}],"wp:attachment":[{"href":"https:\/\/gildasjuanpalillo.com\/en\/wp-json\/wp\/v2\/media?parent=834"}],"wp:term":[{"taxonomy":"product_brand","embeddable":true,"href":"https:\/\/gildasjuanpalillo.com\/en\/wp-json\/wp\/v2\/product_brand?post=834"},{"taxonomy":"product_cat","embeddable":true,"href":"https:\/\/gildasjuanpalillo.com\/en\/wp-json\/wp\/v2\/product_cat?post=834"},{"taxonomy":"product_tag","embeddable":true,"href":"https:\/\/gildasjuanpalillo.com\/en\/wp-json\/wp\/v2\/product_tag?post=834"}],"curies":[{"name":"wp","href":"https:\/\/api.w.org\/{rel}","templated":true}]}}